{"id":46,"date":"2017-09-13T15:49:28","date_gmt":"2017-09-13T15:49:28","guid":{"rendered":"http:\/\/zofia-art.de\/?page_id=46"},"modified":"2024-06-13T06:35:02","modified_gmt":"2024-06-13T06:35:02","slug":"ausstellungen","status":"publish","type":"page","link":"http:\/\/zofia-art.de\/?page_id=46","title":{"rendered":"Ausstellungen"},"content":{"rendered":"<p><strong>\u00a0<\/strong><\/p>\n<ul>\n<li>2008 1. Friedrichsdorfer Kunstmesse Friedrichsdorf<\/li>\n<li>2009 &#8211; 17\u00a0 \u00a0K\u00fcnstlertage Friedrichsdorf<\/li>\n<li>2009 \u00a02. Friedrichsdorfer Kunstmesse Friedrichsdorf<\/li>\n<li>2010 \u00a0Hochtaunuskliniken Bad Homburg<\/li>\n<li>2011 \u00a0Ausstellung: Stiftung Neu-Anspach<\/li>\n<li>2011 \u00a0K\u00fcnstlertage Friedrichsdorf<\/li>\n<li>2012 \u00a0Ausstellung KTC K\u00f6nigstein K\u00f6nigstein<\/li>\n<li>2012 Ausstellung Abendschule der St\u00e4delschule Frankfurt<\/li>\n<li>2014 Ausstellung Musik Schule Friedrichsdorf<\/li>\n<li>2014 Kunstbasar Friedrichsdorf<\/li>\n<li>2014 &#8211; 24 Gemeinschaftsausstellung Foyer Rathaus Oberursel<\/li>\n<li>2014 AOK Ausstellung Frankfurt<\/li>\n<li>2015 Sparkasse Friedrichsdorf K\u00f6ppern<\/li>\n<li>ab 2015\u00a0 Reha- Klinik Wetterau, Dauerausstellung<\/li>\n<li>2016-17 Ausstellung-Sankt Katharinen Krankenhaus Frankfurt<\/li>\n<li>2018 <strong>58<\/strong>. Int. Ausstellung Die Palette-Paulskirche Frankfurt<\/li>\n<li>2019, 2022 Caf\u00e9 Melange Neue Altstadt, Frankfurt<\/li>\n<li>2019 Die Stadtb\u00fccherei Dreieich-Sprendlingen Gemeinschaft Ausstellung<\/li>\n<li>ab 2019 J\u00e4hrlich K\u00fcnstlergemeinschaft PrismO Rathaus Oberursel<\/li>\n<li>2020-21 Ausstellung-Sankt Katharinen Krankenhaus Frankfurt<\/li>\n<li>2022 <strong>60<\/strong>.Internationale Kunstaustellung in der R\u00f6merhalle Frankfurt<\/li>\n<li>2022 Das Kunstfestival Hofheim<\/li>\n<li>2023 <strong>61<\/strong>.Internationale Kunstaustellung in der R\u00f6merhalle Frankfurt<\/li>\n<\/ul>\n","protected":false},"excerpt":{"rendered":"<p>\u00a0 2008 1. Friedrichsdorfer Kunstmesse Friedrichsdorf 2009 &#8211; 17\u00a0 \u00a0K\u00fcnstlertage Friedrichsdorf 2009 \u00a02. Friedrichsdorfer Kunstmesse Friedrichsdorf 2010 \u00a0Hochtaunuskliniken Bad Homburg 2011 \u00a0Ausstellung: Stiftung Neu-Anspach 2011 \u00a0K\u00fcnstlertage Friedrichsdorf 2012 \u00a0Ausstellung KTC K\u00f6nigstein K\u00f6nigstein 2012 Ausstellung Abendschule der St\u00e4delschule Frankfurt 2014 Ausstellung Musik Schule Friedrichsdorf 2014 Kunstbasar Friedrichsdorf 2014 &#8211; 24 Gemeinschaftsausstellung Foyer Rathaus Oberursel 2014 AOK [&hellip;]<\/p>\n","protected":false},"author":1,"featured_media":0,"parent":0,"menu_order":4,"comment_status":"closed","ping_status":"closed","template":"","meta":{"footnotes":""},"_links":{"self":[{"href":"http:\/\/zofia-art.de\/index.php?rest_route=\/wp\/v2\/pages\/46"}],"collection":[{"href":"http:\/\/zofia-art.de\/index.php?rest_route=\/wp\/v2\/pages"}],"about":[{"href":"http:\/\/zofia-art.de\/index.php?rest_route=\/wp\/v2\/types\/page"}],"author":[{"embeddable":true,"href":"http:\/\/zofia-art.de\/index.php?rest_route=\/wp\/v2\/users\/1"}],"replies":[{"embeddable":true,"href":"http:\/\/zofia-art.de\/index.php?rest_route=%2Fwp%2Fv2%2Fcomments&post=46"}],"version-history":[{"count":4,"href":"http:\/\/zofia-art.de\/index.php?rest_route=\/wp\/v2\/pages\/46\/revisions"}],"predecessor-version":[{"id":435,"href":"http:\/\/zofia-art.de\/index.php?rest_route=\/wp\/v2\/pages\/46\/revisions\/435"}],"wp:attachment":[{"href":"http:\/\/zofia-art.de\/index.php?rest_route=%2Fwp%2Fv2%2Fmedia&parent=46"}],"curies":[{"name":"wp","href":"https:\/\/api.w.org\/{rel}","templated":true}]}}